{"id":383,"date":"2024-09-09T14:05:29","date_gmt":"2024-09-09T14:05:29","guid":{"rendered":"https:\/\/menu.eleavouliagmeni.gr\/?page_id=383"},"modified":"2024-10-03T13:06:40","modified_gmt":"2024-10-03T13:06:40","slug":"menu-deutch","status":"publish","type":"page","link":"https:\/\/menu.eleavouliagmeni.gr\/index.php\/menu-deutch\/","title":{"rendered":"Menu-Deutch"},"content":{"rendered":"\t\t<div data-elementor-type=\"wp-page\" data-elementor-id=\"383\" class=\"elementor elementor-383\" data-elementor-post-type=\"page\">\n\t\t\t\t<div class=\"elementor-element elementor-element-287f948 e-flex e-con-boxed e-con e-parent\" data-id=\"287f948\" data-element_type=\"container\">\n\t\t\t\t\t<div class=\"e-con-inner\">\n\t\t\t\t<div class=\"elementor-element elementor-element-1bca432 elementor-widget elementor-widget-text-editor\" data-id=\"1bca432\" data-element_type=\"widget\" data-widget_type=\"text-editor.default\">\n\t\t\t\t<div class=\"elementor-widget-container\">\n\t\t\t\t\t\t\t\t\t<h4><strong><u>BRUNCH<\/u><\/strong><\/h4><p><strong>EIER<\/strong><\/p><p>Omelette<\/p><p>3 Eier, Parmesan, Prosciutto Cotto, Champignons &amp; Paprika \u20ac10<\/p><p>Gesundes Omelette<\/p><p>Eiklar, Truthahn aus Israel, Spinat, Avocado &amp; H\u00fcttenk\u00e4se \u20ac11<\/p><p>Avocado auf Toast<\/p><p>Dinkelbrot, Avocado-Creme, pochierte oder R\u00fchreier, halbgetrocknete Tomaten &amp; Chili \u20ac12<\/p><p>Kayanas<\/p><p>Tomatensauce, Ei, Caprino-K\u00e4se, Pastrami &amp; Caprino-K\u00e4se \u20ac11<\/p><p>Eggs Benedict<\/p><p>Brioche, 2 pochierte Eier, ger\u00e4ucherter Pancetta &amp; Hollandaise-Sauce \u20ac10<\/p><p>Eggs Royale<\/p><p>Brioche, 2 pochierte Eier, Stracciatella, ger\u00e4ucherter Lachs, Avocado &amp; Hollandaise-Sauce \u20ac11<\/p><p>Croque Madame<\/p><p>Sauerteigbrot, Scarmozza, Prosciutto Cotto, B\u00e9chamel, Parmesancreme &amp; \u20ac13<\/p><p>Wahl zwischen pochiertem oder gebratenem Ei<\/p><p>R\u00fchreier<\/p><p>In Buttercroissant, Truthahn aus Israel, Pesto &amp; \u00c4gina-Pistazie \u20ac13<\/p><p>Extras<\/p><p>Pochiertes oder gebratenes Ei +\u20ac1.50 \/ R\u00fchreier +\u20ac3 \/ Avocado +\u20ac1.50<\/p><p>Lachs +\u20ac3 \/ Speck +\u20ac1.50 \/ Frischk\u00e4se-Champignons +\u20ac1<\/p><p><strong>BOWL<\/strong><\/p><p>Gesunde Bowl<\/p><p>Griechischer Joghurt, saisonale Fr\u00fcchte, Waln\u00fcsse, Cranberries, Leinsamen &amp; Honig \u20ac8<\/p><p>Acai Bowl<\/p><p>Banane, gemischte Beeren, saisonale Fr\u00fcchte, Granola, Erdnussbutter, Mohnsamen &amp; Ahornsirup \u20ac10<\/p><p>Kokos-Bowl<\/p><p>Kokosmilch, Banane, Ananas, Honig, Mandeln, Granola &amp; Goji-Beeren \u20ac9<\/p><p><strong>S\u00dcSSIGKEITEN<\/strong><\/p><p>Choco-Croissant<\/p><p>Mit Milchschokoladen-Cremeux, Butterkaramell &amp; Haselnuss-Croquant \u20ac6<\/p><p>Pistazien-Croissant<\/p><p>Mit Mascarpone-Creme, \u00c4gina-Pistazien-Praline, karamellisierten Pistazien &amp; Puderzucker \u20ac6<\/p><p>Erdbeer-Cheesecake-Croissant<\/p><p>Mit Cheesecake-Creme, Erdbeermarmelade, Limette &amp; Mandeln \u20ac6<\/p><p>Riegel<\/p><p>Mit wei\u00dfer Schokolade, Erdnussbutter &amp; gemischten N\u00fcssen \u20ac3.50<\/p><p>Riegel<\/p><p>Mit Milchschokolade, Orange &amp; gemischten N\u00fcssen \u20ac3.50<\/p><p><strong>SONDERGETR\u00c4NKE<\/strong><\/p><p>Espresso einfach \u20ac3.8 | Freddo Espresso \u20ac4<\/p><p>Cappuccino einfach \u20ac3.8 | Freddo Cappuccino \u20ac4.5<\/p><p>Cappuccino doppelt \u20ac4.5 | Filterkaffee \u20ac2.5<\/p><p>Americano \u20ac4 | Kalter Kaffee \u20ac4<\/p><p>Cortado \u20ac4 | Cold Brew \u20ac4<\/p><p>Flat White \u20ac4 | Matcha Latte \u20ac4<\/p><p>Latte hei\u00df\/gek\u00fchlt \u20ac4.5 | Matcha-Geschmack \u20ac4<\/p><p>Zusatzshot \u20ac0.8 | Hei\u00dfe Schokolade \u20ac4<\/p><p><strong>Extras<\/strong><\/p><p>Mandel-\/Hafer-\/Kokosmilch +\u20ac0.5 \/ extra Espresso-Shot +\u20ac1 \/ Sirup +\u20ac0.5 \/ Milch +\u20ac0.3<\/p><p><strong>GESUNDE BAR<\/strong><\/p><p><strong>Frisch gepresster Orangensaft \u20ac4<\/strong><\/p><p><strong>Zitrus-Mix<\/strong><\/p><p><strong>Orange, rosa Grapefruit, Blutorange oder Mandarine \u20ac4.5<\/strong><\/p><p><strong>Detox<\/strong><\/p><p><strong>Orange, Karotte, Ingwer, Apfel \u20ac5.5<\/strong><\/p><p><strong>Wald-Smoothie<\/strong><\/p><p><strong>Erdbeere, Himbeere, Heidelbeeren, Honig, vegane Milch \u20ac6<\/strong><\/p><p><strong>Garten Smash<\/strong><\/p><p><strong>Gurke, Spinat, gr\u00fcner Apfel, Limette, Ingwer \u20ac5.5<\/strong><\/p><p><strong>S\u00fc\u00dfe Disposition<\/strong><\/p><p><strong>Banane, Agavensirup, Haselnussmilch, roter Apfel, Zimt \u20ac5.5<\/strong><\/p><p><strong>Der Boost<\/strong><\/p><p><strong>Avocado, Banane, Erdnussbutter, Honig, Kokosmilch, Beeren \u20ac6<\/strong><\/p><p><strong>GETR\u00c4NKE<\/strong><\/p><p>Naturmineralwasser (0.5lt) \u20ac0.5 \/ (1lt) \u20ac3.5<\/p><p>Erfrischungsgetr\u00e4nke \u20ac4<\/p><p>San Pellegrino (750ml) \u20ac7<\/p><p>San Pellegrino (250ml) \u20ac4<\/p><p>Bier \u20ac6<\/p><p>Es wird von 9:00 bis 17:00 Uhr serviert.<\/p><hr \/><h4><strong><u>PANINI \/ FOCACCIA<\/u><\/strong><\/h4><p>Di Santo<\/p><p>Mortadella Pistazie, Parmesan Reggiano, \u00c4gina-Pistazien-Pesto, Stracciatella &amp; Valerian \u20ac10<\/p><p>Parma<\/p><p>Prosciutto Di Parma, Mozzarella Fior di Latte, Stracciatella, Tomaten &amp; Rucola \u20ac12<\/p><p>Picante<\/p><p>Ventricina, Calabrese Pesto, Parmesan Reggiano, Ricotta &amp; Rucola \u20ac10<\/p><p>Speck<\/p><p>Gorgonzola-Creme, Speck, alter Balsamico, ger\u00f6steter K\u00fcrbis &amp; Basilikum \u20ac10<\/p><p>Pastrami<\/p><p>Rindfleisch-Pastrami, Gurken-Mayonnaise, Pecorino Sardo al Pepe &amp; Eisberg \u20ac11<\/p><p>Polo<\/p><p>Bio-H\u00e4hnchenbrust, Aioli-Sauce, Parmesan Reggiano, Rucola &amp; halbgetrocknete Tomaten \u20ac10<\/p><p>Cotto<\/p><p>Prosciutto Cotto, Ricotta, Basilikumpesto &amp; getrocknete Tomate \u20ac10<\/p><p>Dorf<\/p><p>Olivenpaste, getrocknete Tomate, Feta &amp; Lefkada-Salami \u20ac8<\/p><p>Porchetta<\/p><p>Porchetta, Provola, knusprige Zwiebel, Krautsalat &amp; Dijon-Senf \u20ac12<\/p><p>Tartufo<\/p><p>Mail\u00e4nder Salami, Tr\u00fcffel-Mayonnaise, Tr\u00fcffel-Pecorino &amp; karamellisierte Zwiebeln \u20ac12<\/p><p>Burrata<\/p><p>Frische Burrata, Basilikumpesto, halbgetrocknete Tomaten &amp; gemischte Blattsalate \u20ac10<\/p><p>Melanzane<\/p><p>Ger\u00e4ucherte Auberginen-Creme, Caprino-K\u00e4se, Tomaten-Chutney &amp; ger\u00f6stete Aubergine \u20ac9<\/p><p>Veggie<\/p><p>Ger\u00f6stete Paprika, Zucchini, gegrillter Mais, vegane Mayonnaise, Senf &amp; Tofu \u20ac8<\/p><p>Lachs<\/p><p>Hausgemachter ger\u00e4ucherter Lachs, Sauerrahm, Gurke, Rucola, Zitronen-Confit, Dill &amp; Brie \u20ac12<\/p><p>(extra Kaviar \u20ac15)<\/p><p>R\u00fchreier<\/p><p>Eier, Truthahn aus Israel, Fontina, Rucola, Kr\u00e4utermayonnaise &amp; halbgetrocknete Tomaten \u20ac10<\/p><h4><strong><u>PINSA<\/u><\/strong><\/h4><p>Margherita<\/p><p>Stracciatella, San Marzano Tomatensauce &amp; Basilikum \u20ac14<\/p><p>San Daniele<\/p><p>Stracciatella, Mozzarella Fior di Latte, San Marzano Tomatensauce, confitierte Tomaten, 24 Monate alter Prosciutto San Daniele &amp; Rucola \u20ac18<\/p><p>Valentina<\/p><p>Mozzarella Fior di Latte, San Marzano-Tomate, Caprino, Finocchiona \u20ac17<\/p><p>Picante<\/p><p>Mozzarella Fior di Latte, San Marzano Tomatensauce, Spianata, Nduja &amp; Rucola \u20ac16<\/p><p>Pistazie<\/p><p>Mozzarella Fior di Latte, Pistazienmortadella, \u00c4gina-Pistazien-Pesto &amp; Valerian \u20ac18<\/p><p>Funghi<\/p><p>Mozzarella Fior di Latte, saisonale Pilze, alter Parmesan, Spinat &amp; wei\u00dfes Tr\u00fcffel\u00f6l \u20ac16<\/p><p>Mailand<\/p><p>Mozzarella Fior di Latte, Scarmozza, Mail\u00e4nder Salami &amp; karamellisierte Zwiebeln \u20ac17<\/p><p>Polo<\/p><p>Mozzarella Fior di Latte, Bio-H\u00e4hnchenbrust, Aioli-Sauce, bunten Paprika, Parmesan Reggiano &amp; Rucola \u20ac17<\/p><p><strong>Lachs<\/strong><\/p><p>Sauerrahm, hausgemachter ger\u00e4ucherter Lachs, K\u00fcrbisp\u00fcree mit Basilikum, Fenchel &amp; Dill \u20ac17<\/p><p>(extra Kaviar +\u20ac10)<\/p><p>Es wird von 13:00 bis 00:00 Uhr serviert.<\/p><hr \/><h4><strong><u>MEN\u00dc<\/u><\/strong><\/h4><p><strong>SALATE<\/strong><\/p><p>ROMANA<\/p><p>Eisberg, gr\u00fcner Lollo, H\u00e4hnchenbrust, knuspriger Prosciutto, Parmesan &amp; Aioli-Sauce \u20ac16<\/p><p>BURRATA<\/p><p>Bunt gemischte Tomaten, Johannisbrotkr\u00fcmel, eingelegte Zwiebel, \u00c4gina-Pistazien-Pesto, Zitrone &amp; Mozzarella Burrata \u20ac16<\/p><p>GR\u00dcNER SALAT<\/p><p>Gemischte Salatbl\u00e4tter, hausgemachter ger\u00e4ucherter Lachs, saisonale Fr\u00fcchte, karamellisierte Waln\u00fcsse, Caprino-K\u00e4se &amp; Zitrus-Vinaigrette \u20ac16<\/p><p>BELUGA-LINSEN<\/p><p>Baby-Spinat, Beluga-Linsen, Gurke, Caprino-K\u00e4se, halbgetrocknete Tomaten, Dill &amp; Avocado-Vinaigrette \u20ac15<\/p><p><strong>VORSPEISEN<\/strong><\/p><p>KALT- &amp; SCHNEIDEBRETT<\/p><p>Wurstwaren, K\u00e4se, hausgemachtes Chutney, Brotstangen &amp; N\u00fcsse \u20ac18\/\u20ac28<\/p><p>RINDFLEISCH-CARPACCIO<\/p><p>Rindfleisch-Carpaccio mit karamellisierten Haseln\u00fcssen, Parmesan, Kr\u00e4uter-Vinaigrette, Zitrone &amp; Rucola \u20ac18<\/p><p>ARANCINI MILANESE<\/p><p>Reiskroketten mit Ossobuco, Parmesan-Creme &amp; Kozani-Safran \u20ac12<\/p><p>ARANCINI PILZE<\/p><p>Reiskroketten mit saisonalen Pilzen, Mascarpone, Parmesan-Creme &amp; Tr\u00fcffel \u20ac11<\/p><p>PESCE CRUDO<\/p><p>See-Barsch-Ceviche, Passionsfrucht, Mango, Gurke, Chili \u20ac18<\/p><p>(extra Kaviar +\u20ac10)<\/p><p>VITELLO TONATO<\/p><p>D\u00fcnn geschnittenes Kalbfleisch, Thunfischschaum, Kapern &amp; Zitrone \u20ac18<\/p><p>PROSCIUTTO E BURRATA<\/p><p>Warme Focaccia, Prosciutto San Daniele, Mozzarella Burrata \u20ac19<\/p><p><strong>PASTA<\/strong><\/p><p>SPAGHETTI POMODORO<\/p><p>Mit San Marzano Tomatensauce &amp; Basilikum \u20ac14<\/p><p>LINGUINE CACIO E PEPE<\/p><p>Mit schwarzem Pfeffer &amp; Pecorino Romano (extra Tr\u00fcffel \u20ac8) \u20ac17<\/p><p>RIGATONI PESTO E PISTAZIO<\/p><p>Mit \u00c4gina-Pistazien-Pesto, Ricotta, halbgetrocknete Tomaten &amp; Zitrone \u20ac17<\/p><p>FUSILLI CILENTANI BOLOGNESE<\/p><p>Mit Bolognese-Sauce aus trocken gereiftem Rinderhackfleisch &amp; Parmesan-Creme \u20ac16<\/p><p>LINGUINE CON CAVIAR<\/p><p>Mit Butter, Limette &amp; KALUGA Imperial Kaviar \u20ac32<\/p><p><strong>DESSERTS<\/strong><\/p><p>TIRAMISU<\/p><p>Pate a bombe, L\u00f6ffelbiskuits &amp; Espresso \u20ac10<\/p><p>TIRAMISU PISTAZIE<\/p><p>Pistaziencreme, L\u00f6ffelbiskuits &amp; Espresso \u20ac10<\/p><p>MARITOZZI PISTAZIE<\/p><p>Brioche mit Mascarpone, \u00c4gina-Pistazien-Praline &amp; Puderzucker \u20ac9<\/p><p>CANNOLI<\/p><p>Gef\u00fcllt mit Mascarpone-Creme, karamellisierten Haseln\u00fcssen &amp; karamellisierter Passionsfrucht \u20ac9<\/p><p>GETR\u00c4NKE<\/p><p>Naturmineralwasser (1lt) \u20ac3.5<\/p><p>Erfrischungsgetr\u00e4nke \u20ac4<\/p><p>San Pellegrino (750ml) \u20ac7 \/ (250ml) \u20ac4<\/p><p>Bier \u20ac6<\/p><p>Kunden sind nicht verpflichtet zu zahlen, wenn sie keine g\u00fcltige Quittung erhalten. Die Preise verstehen sich inklusive Mehrwertsteuer. Verantwortlicher f\u00fcr Eink\u00e4ufe: Panagiotis Papagiannis. Bitte informieren Sie das Personal \u00fcber eventuelle Allergien oder Unvertr\u00e4glichkeiten. Unser Men\u00fc kann Spuren von Allergenen enthalten, die allergische Reaktionen oder Unvertr\u00e4glichkeiten ausl\u00f6sen k\u00f6nnten.<\/p>\t\t\t\t\t\t\t\t<\/div>\n\t\t\t\t<\/div>\n\t\t\t\t\t<\/div>\n\t\t\t\t<\/div>\n\t\t<div class=\"elementor-element elementor-element-31ef155 e-flex e-con-boxed e-con e-parent\" data-id=\"31ef155\" data-element_type=\"container\">\n\t\t\t\t\t<div class=\"e-con-inner\">\n\t\t\t\t<div class=\"elementor-element elementor-element-2b0a37f elementor-widget elementor-widget-text-editor\" data-id=\"2b0a37f\" data-element_type=\"widget\" data-widget_type=\"text-editor.default\">\n\t\t\t\t<div class=\"elementor-widget-container\">\n\t\t\t\t\t\t\t\t\t<p>Lorem ipsum dolor sit amet, consectetur adipiscing elit. Ut elit tellus, luctus nec ullamcorper mattis, pulvinar dapibus leo.<\/p>\t\t\t\t\t\t\t\t<\/div>\n\t\t\t\t<\/div>\n\t\t\t\t\t<\/div>\n\t\t\t\t<\/div>\n\t\t\t\t<\/div>\n\t\t","protected":false},"excerpt":{"rendered":"<p>BRUNCH EIER Omelette 3 Eier, Parmesan, Prosciutto Cotto, Champignons &amp; Paprika \u20ac10 Gesundes Omelette Eiklar, Truthahn aus Israel, Spinat, Avocado &amp; H\u00fcttenk\u00e4se \u20ac11 Avocado auf Toast Dinkelbrot, Avocado-Creme, pochierte oder R\u00fchreier, halbgetrocknete Tomaten &amp; Chili \u20ac12 Kayanas Tomatensauce, Ei, Caprino-K\u00e4se, Pastrami &amp; Caprino-K\u00e4se \u20ac11 Eggs Benedict Brioche, 2 pochierte Eier, ger\u00e4ucherter Pancetta &amp; Hollandaise-Sauce \u20ac10 [&hellip;]<\/p>\n","protected":false},"author":1,"featured_media":0,"parent":0,"menu_order":0,"comment_status":"closed","ping_status":"closed","template":"","meta":{"footnotes":""},"class_list":["post-383","page","type-page","status-publish","hentry"],"_links":{"self":[{"href":"https:\/\/menu.eleavouliagmeni.gr\/index.php\/wp-json\/wp\/v2\/pages\/383","targetHints":{"allow":["GET"]}}],"collection":[{"href":"https:\/\/menu.eleavouliagmeni.gr\/index.php\/wp-json\/wp\/v2\/pages"}],"about":[{"href":"https:\/\/menu.eleavouliagmeni.gr\/index.php\/wp-json\/wp\/v2\/types\/page"}],"author":[{"embeddable":true,"href":"https:\/\/menu.eleavouliagmeni.gr\/index.php\/wp-json\/wp\/v2\/users\/1"}],"replies":[{"embeddable":true,"href":"https:\/\/menu.eleavouliagmeni.gr\/index.php\/wp-json\/wp\/v2\/comments?post=383"}],"version-history":[{"count":16,"href":"https:\/\/menu.eleavouliagmeni.gr\/index.php\/wp-json\/wp\/v2\/pages\/383\/revisions"}],"predecessor-version":[{"id":541,"href":"https:\/\/menu.eleavouliagmeni.gr\/index.php\/wp-json\/wp\/v2\/pages\/383\/revisions\/541"}],"wp:attachment":[{"href":"https:\/\/menu.eleavouliagmeni.gr\/index.php\/wp-json\/wp\/v2\/media?parent=383"}],"curies":[{"name":"wp","href":"https:\/\/api.w.org\/{rel}","templated":true}]}}